{"id":808,"date":"2025-12-01T17:03:08","date_gmt":"2025-12-01T17:03:08","guid":{"rendered":"https:\/\/staging8043.webdemodesigns.com\/?page_id=808"},"modified":"2026-01-12T17:01:08","modified_gmt":"2026-01-12T17:01:08","slug":"sobre-nosotros","status":"publish","type":"page","link":"https:\/\/staging8043.webdemodesigns.com\/en\/sobre-nosotros\/","title":{"rendered":"About Us"},"content":{"rendered":"<div data-elementor-type=\"wp-page\" data-elementor-id=\"808\" class=\"elementor elementor-808\" data-elementor-post-type=\"page\">\n\t\t\t\t<div class=\"elementor-element elementor-element-2909ae3 e-flex e-con-boxed e-con e-parent\" data-id=\"2909ae3\" data-element_type=\"container\" data-settings=\"{&quot;background_background&quot;:&quot;classic&quot;,&quot;ekit_has_onepagescroll_dot&quot;:&quot;yes&quot;}\">\n\t\t\t\t\t<div class=\"e-con-inner\">\n\t\t\t\t<div class=\"elementor-element elementor-element-5ff6aef elementor-widget__width-inherit elementor-widget elementor-widget-heading\" data-id=\"5ff6aef\" data-element_type=\"widget\" data-settings=\"{&quot;ekit_we_effect_on&quot;:&quot;none&quot;}\" data-widget_type=\"heading.default\">\n\t\t\t\t\t<h2 class=\"elementor-heading-title elementor-size-default\">About Us<\/h2>\t\t\t\t<\/div>\n\t\t\t\t\t<\/div>\n\t\t\t\t<\/div>\n\t\t<div class=\"elementor-element elementor-element-8d6aa99 e-flex e-con-boxed e-con e-parent\" data-id=\"8d6aa99\" data-element_type=\"container\" data-settings=\"{&quot;ekit_has_onepagescroll_dot&quot;:&quot;yes&quot;}\">\n\t\t\t\t\t<div class=\"e-con-inner\">\n\t\t<div class=\"elementor-element elementor-element-de45fe1 e-con-full e-flex e-con e-child\" data-id=\"de45fe1\" data-element_type=\"container\" data-settings=\"{&quot;ekit_has_onepagescroll_dot&quot;:&quot;yes&quot;}\">\n\t\t<div class=\"elementor-element elementor-element-7871e5a e-con-full e-flex e-con e-child\" data-id=\"7871e5a\" data-element_type=\"container\" data-settings=\"{&quot;ekit_has_onepagescroll_dot&quot;:&quot;yes&quot;}\">\n\t\t\t\t<div class=\"elementor-element elementor-element-401212e elementor-widget elementor-widget-image\" data-id=\"401212e\" data-element_type=\"widget\" data-settings=\"{&quot;ekit_we_effect_on&quot;:&quot;none&quot;}\" data-widget_type=\"image.default\">\n\t\t\t\t\t\t\t\t\t\t\t\t\t\t\t<img fetchpriority=\"high\" decoding=\"async\" width=\"1920\" height=\"2560\" src=\"https:\/\/staging8043.webdemodesigns.com\/wp-content\/uploads\/2025\/11\/About2-scaled.jpg\" class=\"attachment-full size-full wp-image-452\" alt=\"\" srcset=\"https:\/\/staging8043.webdemodesigns.com\/wp-content\/uploads\/2025\/11\/About2-scaled.jpg 1920w, https:\/\/staging8043.webdemodesigns.com\/wp-content\/uploads\/2025\/11\/About2-scaled-600x800.jpg 600w, https:\/\/staging8043.webdemodesigns.com\/wp-content\/uploads\/2025\/11\/About2-225x300.jpg 225w, https:\/\/staging8043.webdemodesigns.com\/wp-content\/uploads\/2025\/11\/About2-768x1024.jpg 768w, https:\/\/staging8043.webdemodesigns.com\/wp-content\/uploads\/2025\/11\/About2-1152x1536.jpg 1152w, https:\/\/staging8043.webdemodesigns.com\/wp-content\/uploads\/2025\/11\/About2-1536x2048.jpg 1536w, https:\/\/staging8043.webdemodesigns.com\/wp-content\/uploads\/2025\/11\/About2-9x12.jpg 9w\" sizes=\"(max-width: 1920px) 100vw, 1920px\" \/>\t\t\t\t\t\t\t\t\t\t\t\t\t\t\t<\/div>\n\t\t\t\t<div class=\"elementor-element elementor-element-f9a97d2 elementor-absolute elementor-widget elementor-widget-image\" data-id=\"f9a97d2\" data-element_type=\"widget\" data-settings=\"{&quot;_position&quot;:&quot;absolute&quot;,&quot;ekit_we_effect_on&quot;:&quot;none&quot;}\" data-widget_type=\"image.default\">\n\t\t\t\t\t\t\t\t\t\t\t\t\t\t\t<img decoding=\"async\" width=\"578\" height=\"809\" src=\"https:\/\/staging8043.webdemodesigns.com\/wp-content\/uploads\/2025\/11\/About1.jpg\" class=\"attachment-full size-full wp-image-451\" alt=\"\" srcset=\"https:\/\/staging8043.webdemodesigns.com\/wp-content\/uploads\/2025\/11\/About1.jpg 578w, https:\/\/staging8043.webdemodesigns.com\/wp-content\/uploads\/2025\/11\/About1-214x300.jpg 214w, https:\/\/staging8043.webdemodesigns.com\/wp-content\/uploads\/2025\/11\/About1-9x12.jpg 9w\" sizes=\"(max-width: 578px) 100vw, 578px\" \/>\t\t\t\t\t\t\t\t\t\t\t\t\t\t\t<\/div>\n\t\t\t\t<\/div>\n\t\t<div class=\"elementor-element elementor-element-a62c4f8 e-con-full e-flex e-con e-child\" data-id=\"a62c4f8\" data-element_type=\"container\" data-settings=\"{&quot;ekit_has_onepagescroll_dot&quot;:&quot;yes&quot;}\">\n\t\t\t\t<div class=\"elementor-element elementor-element-dc7ae15 elementor-widget__width-inherit elementor-widget elementor-widget-heading\" data-id=\"dc7ae15\" data-element_type=\"widget\" data-settings=\"{&quot;ekit_we_effect_on&quot;:&quot;none&quot;}\" data-widget_type=\"heading.default\">\n\t\t\t\t\t<h2 class=\"elementor-heading-title elementor-size-default\">Sobre<\/h2>\t\t\t\t<\/div>\n\t\t\t\t<div class=\"elementor-element elementor-element-db792d9 elementor-widget__width-inherit elementor-widget elementor-widget-heading\" data-id=\"db792d9\" data-element_type=\"widget\" data-settings=\"{&quot;ekit_we_effect_on&quot;:&quot;none&quot;}\" data-widget_type=\"heading.default\">\n\t\t\t\t\t<h2 class=\"elementor-heading-title elementor-size-default\">MEXICO PLATES<\/h2>\t\t\t\t<\/div>\n\t\t\t\t<div class=\"elementor-element elementor-element-9c42eb2 elementor-widget elementor-widget-text-editor\" data-id=\"9c42eb2\" data-element_type=\"widget\" data-settings=\"{&quot;ekit_we_effect_on&quot;:&quot;none&quot;}\" data-widget_type=\"text-editor.default\">\n\t\t\t\t\t\t\t\t\t<p>Greetings from La Paz, the capital of Baja California Sur. We created this website to collect and share photographs and stories about Mexican license plates and vehicle registrations. We invite you to share your old photographs, memories, and stories about cars, license plates, roads, and Mexican travel from the 20th century. Thank you for helping us create this archive of stories.<\/p>\t\t\t\t\t\t\t\t<\/div>\n\t\t\t\t<div class=\"elementor-element elementor-element-20760c2 e-n-tabs-mobile elementor-widget elementor-widget-n-tabs\" data-id=\"20760c2\" data-element_type=\"widget\" data-settings=\"{&quot;tabs_justify_horizontal&quot;:&quot;start&quot;,&quot;horizontal_scroll&quot;:&quot;disable&quot;,&quot;ekit_we_effect_on&quot;:&quot;none&quot;}\" data-widget_type=\"nested-tabs.default\">\n\t\t\t\t\t\t\t<div class=\"e-n-tabs\" data-widget-number=\"34037954\" aria-label=\"Pesta\u00f1as. Abre elementos con Intro o Espacio, ci\u00e9rralos con Escape y navega con las fechas.\">\n\t\t\t<div class=\"e-n-tabs-heading\" role=\"tablist\">\n\t\t\t\t\t<button id=\"e-n-tab-title-340379541\" data-tab-title-id=\"e-n-tab-title-340379541\" class=\"e-n-tab-title\" aria-selected=\"true\" data-tab-index=\"1\" role=\"tab\" tabindex=\"0\" aria-controls=\"e-n-tab-content-340379541\" style=\"--n-tabs-title-order: 1;\">\n\t\t\t\t\t\t<span class=\"e-n-tab-title-text\">\n\t\t\t\tMisi\u00f3n\t\t\t<\/span>\n\t\t<\/button>\n\t\t\t\t<button id=\"e-n-tab-title-340379542\" data-tab-title-id=\"e-n-tab-title-340379542\" class=\"e-n-tab-title\" aria-selected=\"false\" data-tab-index=\"2\" role=\"tab\" tabindex=\"-1\" aria-controls=\"e-n-tab-content-340379542\" style=\"--n-tabs-title-order: 2;\">\n\t\t\t\t\t\t<span class=\"e-n-tab-title-text\">\n\t\t\t\tVisi\u00f3n\t\t\t<\/span>\n\t\t<\/button>\n\t\t\t\t\t<\/div>\n\t\t\t<div class=\"e-n-tabs-content\">\n\t\t\t\t<div id=\"e-n-tab-content-340379541\" role=\"tabpanel\" aria-labelledby=\"e-n-tab-title-340379541\" data-tab-index=\"1\" style=\"--n-tabs-title-order: 1;\" class=\"e-active elementor-element elementor-element-7dc7f1d e-con-full e-flex e-con e-child\" data-id=\"7dc7f1d\" data-element_type=\"container\" data-settings=\"{&quot;ekit_has_onepagescroll_dot&quot;:&quot;yes&quot;}\">\n\t\t\t\t<div class=\"elementor-element elementor-element-27e7562 elementor-widget elementor-widget-text-editor\" data-id=\"27e7562\" data-element_type=\"widget\" data-settings=\"{&quot;ekit_we_effect_on&quot;:&quot;none&quot;}\" data-widget_type=\"text-editor.default\">\n\t\t\t\t\t\t\t\t\t<pre id=\"tw-target-text\" class=\"tw-data-text tw-text-large tw-ta\" dir=\"ltr\" tabindex=\"-1\" role=\"text\" data-placeholder=\"Translation\" data-ved=\"2ahUKEwjLx5658ZyRAxXgWkEAHVfEIf0Q3ewLegQIDBAV\" aria-label=\"Translated text: Existen muchas variaciones de pasajes de Lorem Ipsum, pero la mayor\u00eda ha sufrido alguna alteraci\u00f3n, ya sea por humor a\u00f1adido o palabras aleatorias que resultan poco cre\u00edbles. Si va a usar un pasaje de Lorem Ipsum, aseg\u00farese de que no haya nada vergonzoso oculto en medio del texto.\"><span class=\"Y2IQFc\" lang=\"es\">Existen muchas variaciones de pasajes de Lorem Ipsum, pero la mayor\u00eda ha sufrido alguna alteraci\u00f3n, ya sea por humor a\u00f1adido o palabras aleatorias que resultan poco cre\u00edbles. Si va a usar un pasaje de Lorem Ipsum, aseg\u00farese de que no haya nada vergonzoso oculto en medio del texto.<\/span><\/pre>\t\t\t\t\t\t\t\t<\/div>\n\t\t\t\t<\/div>\n\t\t<div id=\"e-n-tab-content-340379542\" role=\"tabpanel\" aria-labelledby=\"e-n-tab-title-340379542\" data-tab-index=\"2\" style=\"--n-tabs-title-order: 2;\" class=\"elementor-element elementor-element-960b979 e-con-full e-flex e-con e-child\" data-id=\"960b979\" data-element_type=\"container\" data-settings=\"{&quot;ekit_has_onepagescroll_dot&quot;:&quot;yes&quot;}\">\n\t\t\t\t<div class=\"elementor-element elementor-element-f430184 elementor-widget elementor-widget-text-editor\" data-id=\"f430184\" data-element_type=\"widget\" data-settings=\"{&quot;ekit_we_effect_on&quot;:&quot;none&quot;}\" data-widget_type=\"text-editor.default\">\n\t\t\t\t\t\t\t\t\t<pre id=\"tw-target-text\" class=\"tw-data-text tw-text-large tw-ta\" dir=\"ltr\" tabindex=\"-1\" role=\"text\" data-placeholder=\"Translation\" data-ved=\"2ahUKEwjLx5658ZyRAxXgWkEAHVfEIf0Q3ewLegQIDBAV\" aria-label=\"Translated text: Existen muchas variaciones de pasajes de Lorem Ipsum, pero la mayor\u00eda ha sufrido alguna alteraci\u00f3n, ya sea por humor a\u00f1adido o palabras aleatorias que resultan poco cre\u00edbles. Si va a usar un pasaje de Lorem Ipsum, aseg\u00farese de que no haya nada vergonzoso oculto en medio del texto.\"><span class=\"Y2IQFc\" lang=\"es\">Si va a usar un pasaje de Lorem Ipsum, aseg\u00farese de que no haya nada vergonzoso oculto en medio del texto. Existen muchas variaciones de pasajes de Lorem Ipsum, pero la mayor\u00eda ha sufrido alguna alteraci\u00f3n, ya sea por humor a\u00f1adido o palabras aleatorias que resultan poco cre\u00edbles.<\/span><\/pre>\t\t\t\t\t\t\t\t<\/div>\n\t\t\t\t<\/div>\n\t\t\t\t\t<\/div>\n\t\t<\/div>\n\t\t\t\t\t\t<\/div>\n\t\t\t\t<\/div>\n\t\t\t\t<\/div>\n\t\t\t\t\t<\/div>\n\t\t\t\t<\/div>\n\t\t<div class=\"elementor-element elementor-element-5419d1a e-flex e-con-boxed e-con e-parent\" data-id=\"5419d1a\" data-element_type=\"container\" data-settings=\"{&quot;ekit_has_onepagescroll_dot&quot;:&quot;yes&quot;}\">\n\t\t\t\t\t<div class=\"e-con-inner\">\n\t\t\t\t<div class=\"elementor-element elementor-element-f8afa26 elementor-widget__width-inherit elementor-widget elementor-widget-heading\" data-id=\"f8afa26\" data-element_type=\"widget\" data-settings=\"{&quot;ekit_we_effect_on&quot;:&quot;none&quot;}\" data-widget_type=\"heading.default\">\n\t\t\t\t\t<h2 class=\"elementor-heading-title elementor-size-default\">Testimonios<\/h2>\t\t\t\t<\/div>\n\t\t\t\t<div class=\"elementor-element elementor-element-f878139 elementor-widget__width-inherit elementor-widget elementor-widget-heading\" data-id=\"f878139\" data-element_type=\"widget\" data-settings=\"{&quot;ekit_we_effect_on&quot;:&quot;none&quot;}\" data-widget_type=\"heading.default\">\n\t\t\t\t\t<h2 class=\"elementor-heading-title elementor-size-default\">Lo que dicen nuestros clientes<\/h2>\t\t\t\t<\/div>\n\t\t\t\t<div class=\"elementor-element elementor-element-0685fe9 elementor-testimonial--skin-default elementor-testimonial--layout-image_inline elementor-testimonial--align-center elementor-arrows-yes elementor-pagination-type-bullets elementor-widget elementor-widget-testimonial-carousel\" data-id=\"0685fe9\" data-element_type=\"widget\" data-settings=\"{&quot;show_arrows&quot;:&quot;yes&quot;,&quot;pagination&quot;:&quot;bullets&quot;,&quot;speed&quot;:500,&quot;autoplay&quot;:&quot;yes&quot;,&quot;autoplay_speed&quot;:5000,&quot;loop&quot;:&quot;yes&quot;,&quot;pause_on_hover&quot;:&quot;yes&quot;,&quot;pause_on_interaction&quot;:&quot;yes&quot;,&quot;space_between&quot;:{&quot;unit&quot;:&quot;px&quot;,&quot;size&quot;:10,&quot;sizes&quot;:[]},&quot;space_between_laptop&quot;:{&quot;unit&quot;:&quot;px&quot;,&quot;size&quot;:10,&quot;sizes&quot;:[]},&quot;space_between_tablet&quot;:{&quot;unit&quot;:&quot;px&quot;,&quot;size&quot;:10,&quot;sizes&quot;:[]},&quot;space_between_mobile&quot;:{&quot;unit&quot;:&quot;px&quot;,&quot;size&quot;:10,&quot;sizes&quot;:[]},&quot;ekit_we_effect_on&quot;:&quot;none&quot;}\" data-widget_type=\"testimonial-carousel.default\">\n\t\t\t\t\t\t\t\t\t\t<div class=\"elementor-main-swiper swiper\" role=\"region\" aria-roledescription=\"carousel\" aria-label=\"Slides\">\n\t\t\t\t<div class=\"swiper-wrapper\">\n\t\t\t\t\t\t\t\t\t\t\t<div class=\"swiper-slide\" role=\"group\" aria-roledescription=\"slide\">\n\t\t\t\t\t\t\t\t\t<div class=\"elementor-testimonial\">\n\t\t\t\t\t\t\t<div class=\"elementor-testimonial__content\">\n\t\t\t\t\t<div class=\"elementor-testimonial__text\">\n\t\t\t\t\t\tSi va a usar un pasaje de Lorem Ipsum, aseg\u00farese de que no haya nada vergonzoso oculto en medio del texto. Existen muchas variaciones de pasajes de Lorem Ipsum, pero la mayor\u00eda ha sufrido alguna alteraci\u00f3n, ya sea por humor a\u00f1adido o palabras aleatorias que resultan poco cre\u00edbles.\t\t\t\t\t<\/div>\n\t\t\t\t\t\t\t\t\t<\/div>\n\t\t\t\t\t\t<div class=\"elementor-testimonial__footer\">\n\t\t\t\t\t\t\t\t<cite class=\"elementor-testimonial__cite\"><span class=\"elementor-testimonial__name\">John Doe<\/span><span class=\"elementor-testimonial__title\">Client<\/span><\/cite>\t\t\t<\/div>\n\t\t<\/div>\n\t\t\t\t\t\t\t\t<\/div>\n\t\t\t\t\t\t\t\t\t\t\t<div class=\"swiper-slide\" role=\"group\" aria-roledescription=\"slide\">\n\t\t\t\t\t\t\t\t\t<div class=\"elementor-testimonial\">\n\t\t\t\t\t\t\t<div class=\"elementor-testimonial__content\">\n\t\t\t\t\t<div class=\"elementor-testimonial__text\">\n\t\t\t\t\t\tExisten muchas variaciones de pasajes de Lorem Ipsum, pero la mayor\u00eda ha sufrido alguna alteraci\u00f3n, ya sea por humor a\u00f1adido o palabras aleatorias que resultan poco cre\u00edbles. Si va a usar un pasaje de Lorem Ipsum, aseg\u00farese de que no haya nada vergonzoso oculto en medio del texto.\t\t\t\t\t<\/div>\n\t\t\t\t\t\t\t\t\t<\/div>\n\t\t\t\t\t\t<div class=\"elementor-testimonial__footer\">\n\t\t\t\t\t\t\t\t\t<div class=\"elementor-testimonial__image\">\n\t\t\t\t\t\t<img decoding=\"async\" src=\"https:\/\/staging8043.webdemodesigns.com\/wp-content\/plugins\/elementor\/assets\/images\/placeholder.png\" alt=\"Sara\">\n\t\t\t\t\t\t\t\t\t\t\t<\/div>\n\t\t\t\t\t\t\t\t<cite class=\"elementor-testimonial__cite\"><span class=\"elementor-testimonial__name\">Sara<\/span><span class=\"elementor-testimonial__title\">Client<\/span><\/cite>\t\t\t<\/div>\n\t\t<\/div>\n\t\t\t\t\t\t\t\t<\/div>\n\t\t\t\t\t\t\t\t\t\t\t<div class=\"swiper-slide\" role=\"group\" aria-roledescription=\"slide\">\n\t\t\t\t\t\t\t\t\t<div class=\"elementor-testimonial\">\n\t\t\t\t\t\t\t<div class=\"elementor-testimonial__content\">\n\t\t\t\t\t<div class=\"elementor-testimonial__text\">\n\t\t\t\t\t\tSi va a usar un pasaje de Lorem Ipsum, aseg\u00farese de que no haya nada vergonzoso oculto en medio del texto. Existen muchas variaciones de pasajes de Lorem Ipsum, pero la mayor\u00eda ha sufrido alguna alteraci\u00f3n, ya sea por humor a\u00f1adido o palabras aleatorias que resultan poco cre\u00edbles.\t\t\t\t\t<\/div>\n\t\t\t\t\t\t\t\t\t<\/div>\n\t\t\t\t\t\t<div class=\"elementor-testimonial__footer\">\n\t\t\t\t\t\t\t\t<cite class=\"elementor-testimonial__cite\"><span class=\"elementor-testimonial__name\">John Doe<\/span><span class=\"elementor-testimonial__title\">Client<\/span><\/cite>\t\t\t<\/div>\n\t\t<\/div>\n\t\t\t\t\t\t\t\t<\/div>\n\t\t\t\t\t\t\t\t\t<\/div>\n\t\t\t\t\t\t\t\t\t\t\t\t\t\t\t<div class=\"elementor-swiper-button elementor-swiper-button-prev\" role=\"button\" tabindex=\"0\" aria-label=\"Previous\">\n\t\t\t\t\t\t\t<svg aria-hidden=\"true\" class=\"e-font-icon-svg e-eicon-chevron-left\" viewbox=\"0 0 1000 1000\" xmlns=\"http:\/\/www.w3.org\/2000\/svg\"><path d=\"M646 125C629 125 613 133 604 142L308 442C296 454 292 471 292 487 292 504 296 521 308 533L604 854C617 867 629 875 646 875 663 875 679 871 692 858 704 846 713 829 713 812 713 796 708 779 692 767L438 487 692 225C700 217 708 204 708 187 708 171 704 154 692 142 675 129 663 125 646 125Z\"><\/path><\/svg>\t\t\t\t\t\t<\/div>\n\t\t\t\t\t\t<div class=\"elementor-swiper-button elementor-swiper-button-next\" role=\"button\" tabindex=\"0\" aria-label=\"Next\">\n\t\t\t\t\t\t\t<svg aria-hidden=\"true\" class=\"e-font-icon-svg e-eicon-chevron-right\" viewbox=\"0 0 1000 1000\" xmlns=\"http:\/\/www.w3.org\/2000\/svg\"><path d=\"M696 533C708 521 713 504 713 487 713 471 708 454 696 446L400 146C388 133 375 125 354 125 338 125 325 129 313 142 300 154 292 171 292 187 292 204 296 221 308 233L563 492 304 771C292 783 288 800 288 817 288 833 296 850 308 863 321 871 338 875 354 875 371 875 388 867 400 854L696 533Z\"><\/path><\/svg>\t\t\t\t\t\t<\/div>\n\t\t\t\t\t\t\t\t\t\t\t\t\t\t\t\t<div class=\"swiper-pagination\"><\/div>\n\t\t\t\t\t\t\t\t\t\t\t\t<\/div>\n\t\t\t\t\t\t\t\t<\/div>\n\t\t\t\t\t<\/div>\n\t\t\t\t<\/div>\n\t\t\t\t<\/div>","protected":false},"excerpt":{"rendered":"<p>Sobre Nosotras Sobre PLACAS DE M\u00c9XICO Saludos desde La Paz, capital de Baja California Sur. Hemos creado este sitio web para recopilar y compartir fotograf\u00edas e historias sobre placas y registros vehiculares mexicanos. Los invitamos a compartir sus fotograf\u00edas antiguas, recuerdos e historias sobre autos, placas, carreteras y viajes mexicanos del siglo XX. Gracias por [&hellip;]<\/p>","protected":false},"author":1,"featured_media":0,"parent":0,"menu_order":0,"comment_status":"closed","ping_status":"closed","template":"elementor_header_footer","meta":{"_acf_changed":false,"footnotes":""},"class_list":["post-808","page","type-page","status-publish","hentry"],"acf":[],"_links":{"self":[{"href":"https:\/\/staging8043.webdemodesigns.com\/en\/wp-json\/wp\/v2\/pages\/808","targetHints":{"allow":["GET"]}}],"collection":[{"href":"https:\/\/staging8043.webdemodesigns.com\/en\/wp-json\/wp\/v2\/pages"}],"about":[{"href":"https:\/\/staging8043.webdemodesigns.com\/en\/wp-json\/wp\/v2\/types\/page"}],"author":[{"embeddable":true,"href":"https:\/\/staging8043.webdemodesigns.com\/en\/wp-json\/wp\/v2\/users\/1"}],"replies":[{"embeddable":true,"href":"https:\/\/staging8043.webdemodesigns.com\/en\/wp-json\/wp\/v2\/comments?post=808"}],"version-history":[{"count":68,"href":"https:\/\/staging8043.webdemodesigns.com\/en\/wp-json\/wp\/v2\/pages\/808\/revisions"}],"predecessor-version":[{"id":1730,"href":"https:\/\/staging8043.webdemodesigns.com\/en\/wp-json\/wp\/v2\/pages\/808\/revisions\/1730"}],"wp:attachment":[{"href":"https:\/\/staging8043.webdemodesigns.com\/en\/wp-json\/wp\/v2\/media?parent=808"}],"curies":[{"name":"wp","href":"https:\/\/api.w.org\/{rel}","templated":true}]}}